{"id":2105,"date":"2011-06-23T08:35:54","date_gmt":"2011-06-23T06:35:54","guid":{"rendered":"https:\/\/www.gonzalogarciasantos.com\/videos\/"},"modified":"2022-02-18T02:47:00","modified_gmt":"2022-02-18T01:47:00","slug":"videos","status":"publish","type":"page","link":"https:\/\/www.gonzalogarciasantos.com\/en\/videos\/","title":{"rendered":"V\u00eddeos"},"content":{"rendered":"<p>[vc_row][vc_column][vc_column_text]<strong>IN TIME<\/strong> M\u00fasica para Danza<br \/>\n<iframe loading=\"lazy\" src=\"https:\/\/www.youtube.com\/embed\/f8wqbdsrXpQ\" width=\"560\" height=\"315\" frameborder=\"0\" allowfullscreen=\"allowfullscreen\"><\/iframe><\/p>\n<p><strong>EL ZULO<\/strong> Cine<br \/>\n<iframe loading=\"lazy\" src=\"\/\/www.youtube.com\/embed\/r29e4Khb9NE\" width=\"560\" height=\"315\" frameborder=\"0\" allowfullscreen=\"allowfullscreen\"><\/iframe><\/p>\n<div style=\"height: 1.4em; visibility: hidden;\">LINEA_EN_BLANCO<\/div>\n<p><strong>Mi Madre&#8230;\u00a1Madre m\u00eda! <\/strong>Pel\u00edcula completa<br \/>\n<iframe loading=\"lazy\" src=\"https:\/\/www.youtube.com\/embed\/Ip6MsDMs4_8\" width=\"560\" height=\"315\" frameborder=\"0\" allowfullscreen=\"allowfullscreen\"><\/iframe><\/p>\n<div style=\"height: 1.4em; visibility: hidden;\">LINEA_EN_BLANCO<\/div>\n<p>&nbsp;<\/p>\n<p><strong>Los cojones 33 <\/strong>Mediometraje<br \/>\n<iframe loading=\"lazy\" src=\"https:\/\/www.youtube.com\/embed\/hBRvmkyWAws\" width=\"560\" height=\"315\" frameborder=\"0\" allowfullscreen=\"allowfullscreen\"><\/iframe><br \/>\n<strong>MORGUETOWN<\/strong> Cine<br \/>\n<iframe loading=\"lazy\" src=\"http:\/\/www.youtube.com\/embed\/aY36tmA0Phc\" width=\"560\" height=\"315\" frameborder=\"0\" allowfullscreen=\"allowfullscreen\"><\/iframe><\/p>\n<div style=\"height: 1.4em; visibility: hidden;\">LINEA_EN_BLANCO<\/div>\n<p><strong>GATO G\u00d3TICO<\/strong> Animaci\u00f3n<br \/>\n<iframe loading=\"lazy\" src=\"http:\/\/www.youtube.com\/embed\/CTnCnSMvfPo\" width=\"560\" height=\"315\" frameborder=\"0\" allowfullscreen=\"allowfullscreen\"><\/iframe><\/p>\n<div style=\"height: 1.4em; visibility: hidden;\">LINEA_EN_BLANCO<\/div>\n<p><strong>Nekkar <\/strong>M\u00fasica para spot publicitario<br \/>\n<iframe loading=\"lazy\" src=\"https:\/\/www.youtube.com\/embed\/FUk9drgoS9Q\" width=\"560\" height=\"315\" frameborder=\"0\" allowfullscreen=\"allowfullscreen\"><\/iframe><\/p>\n<p><strong>A man in the wardrobe <\/strong> Corto de terror<br \/>\n<iframe loading=\"lazy\" src=\"http:\/\/www.youtube.com\/embed\/gy4uXbVorw8\" width=\"560\" height=\"315\" frameborder=\"0\" allowfullscreen=\"allowfullscreen\"><\/iframe><\/p>\n<div style=\"height: 1.4em; visibility: hidden;\">LINEA_EN_BLANCO<\/div>\n<p><strong>Higiene Bucal <\/strong> Animaci\u00f3n<br \/>\n<iframe loading=\"lazy\" src=\"http:\/\/www.youtube.com\/embed\/8pC0Vwri69g\" width=\"560\" height=\"315\" frameborder=\"0\" allowfullscreen=\"allowfullscreen\"><\/iframe><\/p>\n<div style=\"height: 1.4em; visibility: hidden;\">LINEA_EN_BLANCO<\/div>\n<p><strong>LA PAZ<\/strong> de Arist\u00f3fanes. Teatro Musical<br \/>\n<iframe loading=\"lazy\" src=\"http:\/\/www.youtube.com\/embed\/s7PnM3h6pZ0\" width=\"560\" height=\"315\" frameborder=\"0\" allowfullscreen=\"allowfullscreen\"><\/iframe><\/p>\n<div style=\"height: 1.4em; visibility: hidden;\">LINEA_EN_BLANCO<\/div>\n<p><strong>LA INVASI\u00d3N DE LOS PELLEJUDOS<\/strong> Cine<br \/>\n<iframe loading=\"lazy\" src=\"http:\/\/www.youtube.com\/embed\/CV-Gbu4yBTI\" width=\"560\" height=\"315\" frameborder=\"0\" allowfullscreen=\"allowfullscreen\"><\/iframe><\/p>\n<div style=\"height: 1.4em; visibility: hidden;\">LINEA_EN_BLANCO<\/div>\n<p><strong>LA PAZ<\/strong> de Arist\u00f3fanes. Teatro Musical<br \/>\n<iframe loading=\"lazy\" src=\"http:\/\/www.youtube.com\/embed\/KM94DVwmRoI\" width=\"560\" height=\"315\" frameborder=\"0\" allowfullscreen=\"allowfullscreen\"><\/iframe><\/p>\n<div style=\"height: 1.4em; visibility: hidden;\">LINEA_EN_BLANCO<\/div>\n<p><strong>CANCIONES INFANTILES<\/strong> M\u00fasica infantil y juvenil<strong><br \/>\n<iframe loading=\"lazy\" src=\"http:\/\/www.youtube.com\/embed\/TA1wA6dqMrw\" width=\"560\" height=\"315\" frameborder=\"0\" allowfullscreen=\"allowfullscreen\"><\/iframe><\/strong><\/p>\n<div style=\"height: 1.4em; visibility: hidden;\">LINEA_EN_BLANCO<\/div>\n<p><strong>LA CAJA DEL P\u00c1NICO<\/strong> Cine<br \/>\n<iframe loading=\"lazy\" src=\"http:\/\/www.youtube.com\/embed\/MoAHHsBRKkU\" width=\"560\" height=\"315\" frameborder=\"0\" allowfullscreen=\"allowfullscreen\"><\/iframe><\/p>\n<div style=\"height: 1.4em; visibility: hidden;\">LINEA_EN_BLANCO<\/div>\n<p><strong>DEMO<\/strong> Videojuegos<br \/>\n<iframe loading=\"lazy\" src=\"http:\/\/www.youtube.com\/embed\/dJVQg1VHIOo\" width=\"560\" height=\"315\" frameborder=\"0\" allowfullscreen=\"allowfullscreen\"><\/iframe><\/p>\n<div style=\"height: 1.4em; visibility: hidden;\">LINEA_EN_BLANCO<\/div>\n<p><strong>LAS AVENTURAS DE GASPARD MONGER<\/strong> Animaci\u00f3n<br \/>\n<iframe loading=\"lazy\" src=\"http:\/\/www.youtube.com\/embed\/KANlbJG-0Q0\" width=\"560\" height=\"315\" frameborder=\"0\" allowfullscreen=\"allowfullscreen\"><\/iframe><\/p>\n<div style=\"height: 1.4em; visibility: hidden;\">LINEA_EN_BLANCO<\/div>\n<p><strong>VIDEOJUEGOS EDUCATIVOS<\/strong> Multimedia<strong><br \/>\n<iframe loading=\"lazy\" src=\"http:\/\/www.youtube.com\/embed\/etlfT4s_z_A\" width=\"560\" height=\"315\" frameborder=\"0\" allowfullscreen=\"allowfullscreen\"><\/iframe><\/strong><\/p>\n<div style=\"height: 1.4em; visibility: hidden;\">LINEA_EN_BLANCO<\/div>\n<p><strong>SINTON\u00cdA PARA INFORMATIVOS<\/strong> Televisi\u00f3n<strong><br \/>\n<iframe loading=\"lazy\" src=\"http:\/\/www.youtube.com\/embed\/PQwXcxIOtAY\" width=\"560\" height=\"315\" frameborder=\"0\" allowfullscreen=\"allowfullscreen\"><\/iframe><\/strong><\/p>\n<div style=\"height: 1.4em; visibility: hidden;\">LINEA_EN_BLANCO<\/div>\n<p><strong>SINTON\u00cdA<\/strong> Demo para Radio y TV<strong><br \/>\n<iframe loading=\"lazy\" src=\"http:\/\/www.youtube.com\/embed\/NUrARxfCdHs\" width=\"560\" height=\"315\" frameborder=\"0\" allowfullscreen=\"allowfullscreen\"><\/iframe><\/strong><\/p>\n<div style=\"height: 1.4em; visibility: hidden;\">LINEA_EN_BLANCO<\/div>\n<p><strong>DEMO ADVENTURE<\/strong> Demo para cine y videojuegos<strong><br \/>\n<iframe loading=\"lazy\" src=\"http:\/\/www.youtube.com\/embed\/RZ_StoKQRqg\" width=\"560\" height=\"315\" frameborder=\"0\" allowfullscreen=\"allowfullscreen\"><\/iframe><\/strong><\/p>\n<div style=\"height: 1.4em; visibility: hidden;\">LINEA_EN_BLANCO<\/div>\n<p><strong>ENIGMAS<\/strong> Sinton\u00eda para serie de TV<br \/>\n<iframe loading=\"lazy\" src=\"http:\/\/www.youtube.com\/embed\/wRM1sosBGmU\" width=\"420\" height=\"315\" frameborder=\"0\" allowfullscreen=\"allowfullscreen\"><\/iframe><\/p>\n<div style=\"height: 1.4em; visibility: hidden;\">LINEA_EN_BLANCO<\/div>\n<p><strong>TIZAS<\/strong> Publicidad<br \/>\n<iframe loading=\"lazy\" src=\"http:\/\/www.youtube.com\/embed\/cWvWP6FyXvo\" width=\"560\" height=\"315\" frameborder=\"0\" allowfullscreen=\"allowfullscreen\"><\/iframe><\/p>\n<div style=\"height: 1.4em; visibility: hidden;\">LINEA_EN_BLANCO<\/div>\n<p><strong>ESTRELLA MUTANTE<\/strong> Sinton\u00eda para programa infantil de TV<br \/>\n<iframe loading=\"lazy\" src=\"http:\/\/www.youtube.com\/embed\/xHTI1E7hShU\" width=\"420\" height=\"315\" frameborder=\"0\" allowfullscreen=\"allowfullscreen\"><\/iframe>[\/vc_column_text][\/vc_column][\/vc_row]<\/p>\n","protected":false},"excerpt":{"rendered":"<p>[vc_row][vc_column][vc_column_text]IN TIME M\u00fasica para Danza EL ZULO Cine LINEA_EN_BLANCO Mi Madre&#8230;\u00a1Madre m\u00eda! Pel\u00edcula completa LINEA_EN_BLANCO &nbsp; Los cojones 33 Mediometraje MORGUETOWN Cine LINEA_EN_BLANCO GATO G\u00d3TICO Animaci\u00f3n LINEA_EN_BLANCO Nekkar M\u00fasica para spot publicitario A man in the wardrobe Corto de terror&#8230;<\/p>\n","protected":false},"author":1,"featured_media":0,"parent":0,"menu_order":8,"comment_status":"closed","ping_status":"closed","template":"template-videos.php","meta":[],"yoast_head":"<!-- This site is optimized with the Yoast SEO plugin v17.9 - https:\/\/yoast.com\/wordpress\/plugins\/seo\/ -->\n<title>V\u00eddeos - Gonzalo Garc\u00eda Santos<\/title>\n<meta name=\"robots\" content=\"index, follow, max-snippet:-1, max-image-preview:large, max-video-preview:-1\" \/>\n<link rel=\"canonical\" href=\"https:\/\/www.gonzalogarciasantos.com\/en\/videos\/\" \/>\n<meta property=\"og:locale\" content=\"en_US\" \/>\n<meta property=\"og:type\" content=\"article\" \/>\n<meta property=\"og:title\" content=\"V\u00eddeos - Gonzalo Garc\u00eda Santos\" \/>\n<meta property=\"og:description\" content=\"[vc_row][vc_column][vc_column_text]IN TIME M\u00fasica para Danza EL ZULO Cine LINEA_EN_BLANCO Mi Madre&#8230;\u00a1Madre m\u00eda! Pel\u00edcula completa LINEA_EN_BLANCO &nbsp; Los cojones 33 Mediometraje MORGUETOWN Cine LINEA_EN_BLANCO GATO G\u00d3TICO Animaci\u00f3n LINEA_EN_BLANCO Nekkar M\u00fasica para spot publicitario A man in the wardrobe Corto de terror...\" \/>\n<meta property=\"og:url\" content=\"https:\/\/www.gonzalogarciasantos.com\/en\/videos\/\" \/>\n<meta property=\"og:site_name\" content=\"Gonzalo Garc\u00eda Santos\" \/>\n<meta property=\"article:modified_time\" content=\"2022-02-18T01:47:00+00:00\" \/>\n<meta name=\"twitter:card\" content=\"summary\" \/>\n<meta name=\"twitter:label1\" content=\"Est. reading time\" \/>\n\t<meta name=\"twitter:data1\" content=\"1 minute\" \/>\n<script type=\"application\/ld+json\" class=\"yoast-schema-graph\">{\"@context\":\"https:\/\/schema.org\",\"@graph\":[{\"@type\":[\"Person\",\"Organization\"],\"@id\":\"https:\/\/www.gonzalogarciasantos.com\/#\/schema\/person\/b30d438e90bf71131ef233a68bd624ee\",\"name\":\"Gonzalo\",\"image\":{\"@type\":\"ImageObject\",\"@id\":\"https:\/\/www.gonzalogarciasantos.com\/#personlogo\",\"inLanguage\":\"en-US\",\"url\":\"https:\/\/www.gonzalogarciasantos.com\/wp-content\/uploads\/2022\/01\/gonzalo2.png\",\"contentUrl\":\"https:\/\/www.gonzalogarciasantos.com\/wp-content\/uploads\/2022\/01\/gonzalo2.png\",\"width\":720,\"height\":1080,\"caption\":\"Gonzalo\"},\"logo\":{\"@id\":\"https:\/\/www.gonzalogarciasantos.com\/#personlogo\"},\"sameAs\":[\"https:\/\/www.gonzalogarciasantos.com\"]},{\"@type\":\"WebSite\",\"@id\":\"https:\/\/www.gonzalogarciasantos.com\/#website\",\"url\":\"https:\/\/www.gonzalogarciasantos.com\/\",\"name\":\"Gonzalo Garc\\u00eda Santos\",\"description\":\"Music Composer and Producer\",\"publisher\":{\"@id\":\"https:\/\/www.gonzalogarciasantos.com\/#\/schema\/person\/b30d438e90bf71131ef233a68bd624ee\"},\"potentialAction\":[{\"@type\":\"SearchAction\",\"target\":{\"@type\":\"EntryPoint\",\"urlTemplate\":\"https:\/\/www.gonzalogarciasantos.com\/?s={search_term_string}\"},\"query-input\":\"required name=search_term_string\"}],\"inLanguage\":\"en-US\"},{\"@type\":\"WebPage\",\"@id\":\"https:\/\/www.gonzalogarciasantos.com\/en\/videos\/#webpage\",\"url\":\"https:\/\/www.gonzalogarciasantos.com\/en\/videos\/\",\"name\":\"V\\u00eddeos - Gonzalo Garc\\u00eda Santos\",\"isPartOf\":{\"@id\":\"https:\/\/www.gonzalogarciasantos.com\/#website\"},\"datePublished\":\"2011-06-23T06:35:54+00:00\",\"dateModified\":\"2022-02-18T01:47:00+00:00\",\"breadcrumb\":{\"@id\":\"https:\/\/www.gonzalogarciasantos.com\/en\/videos\/#breadcrumb\"},\"inLanguage\":\"en-US\",\"potentialAction\":[{\"@type\":\"ReadAction\",\"target\":[\"https:\/\/www.gonzalogarciasantos.com\/en\/videos\/\"]}]},{\"@type\":\"BreadcrumbList\",\"@id\":\"https:\/\/www.gonzalogarciasantos.com\/en\/videos\/#breadcrumb\",\"itemListElement\":[{\"@type\":\"ListItem\",\"position\":1,\"name\":\"Portada\",\"item\":\"https:\/\/www.gonzalogarciasantos.com\/en\/\"},{\"@type\":\"ListItem\",\"position\":2,\"name\":\"V\\u00eddeos\"}]}]}<\/script>\n<!-- \/ Yoast SEO plugin. -->","yoast_head_json":{"title":"V\u00eddeos - Gonzalo Garc\u00eda Santos","robots":{"index":"index","follow":"follow","max-snippet":"max-snippet:-1","max-image-preview":"max-image-preview:large","max-video-preview":"max-video-preview:-1"},"canonical":"https:\/\/www.gonzalogarciasantos.com\/en\/videos\/","og_locale":"en_US","og_type":"article","og_title":"V\u00eddeos - Gonzalo Garc\u00eda Santos","og_description":"[vc_row][vc_column][vc_column_text]IN TIME M\u00fasica para Danza EL ZULO Cine LINEA_EN_BLANCO Mi Madre&#8230;\u00a1Madre m\u00eda! Pel\u00edcula completa LINEA_EN_BLANCO &nbsp; Los cojones 33 Mediometraje MORGUETOWN Cine LINEA_EN_BLANCO GATO G\u00d3TICO Animaci\u00f3n LINEA_EN_BLANCO Nekkar M\u00fasica para spot publicitario A man in the wardrobe Corto de terror...","og_url":"https:\/\/www.gonzalogarciasantos.com\/en\/videos\/","og_site_name":"Gonzalo Garc\u00eda Santos","article_modified_time":"2022-02-18T01:47:00+00:00","twitter_card":"summary","twitter_misc":{"Est. reading time":"1 minute"},"schema":{"@context":"https:\/\/schema.org","@graph":[{"@type":["Person","Organization"],"@id":"https:\/\/www.gonzalogarciasantos.com\/#\/schema\/person\/b30d438e90bf71131ef233a68bd624ee","name":"Gonzalo","image":{"@type":"ImageObject","@id":"https:\/\/www.gonzalogarciasantos.com\/#personlogo","inLanguage":"en-US","url":"https:\/\/www.gonzalogarciasantos.com\/wp-content\/uploads\/2022\/01\/gonzalo2.png","contentUrl":"https:\/\/www.gonzalogarciasantos.com\/wp-content\/uploads\/2022\/01\/gonzalo2.png","width":720,"height":1080,"caption":"Gonzalo"},"logo":{"@id":"https:\/\/www.gonzalogarciasantos.com\/#personlogo"},"sameAs":["https:\/\/www.gonzalogarciasantos.com"]},{"@type":"WebSite","@id":"https:\/\/www.gonzalogarciasantos.com\/#website","url":"https:\/\/www.gonzalogarciasantos.com\/","name":"Gonzalo Garc\u00eda Santos","description":"Music Composer and Producer","publisher":{"@id":"https:\/\/www.gonzalogarciasantos.com\/#\/schema\/person\/b30d438e90bf71131ef233a68bd624ee"},"potentialAction":[{"@type":"SearchAction","target":{"@type":"EntryPoint","urlTemplate":"https:\/\/www.gonzalogarciasantos.com\/?s={search_term_string}"},"query-input":"required name=search_term_string"}],"inLanguage":"en-US"},{"@type":"WebPage","@id":"https:\/\/www.gonzalogarciasantos.com\/en\/videos\/#webpage","url":"https:\/\/www.gonzalogarciasantos.com\/en\/videos\/","name":"V\u00eddeos - Gonzalo Garc\u00eda Santos","isPartOf":{"@id":"https:\/\/www.gonzalogarciasantos.com\/#website"},"datePublished":"2011-06-23T06:35:54+00:00","dateModified":"2022-02-18T01:47:00+00:00","breadcrumb":{"@id":"https:\/\/www.gonzalogarciasantos.com\/en\/videos\/#breadcrumb"},"inLanguage":"en-US","potentialAction":[{"@type":"ReadAction","target":["https:\/\/www.gonzalogarciasantos.com\/en\/videos\/"]}]},{"@type":"BreadcrumbList","@id":"https:\/\/www.gonzalogarciasantos.com\/en\/videos\/#breadcrumb","itemListElement":[{"@type":"ListItem","position":1,"name":"Portada","item":"https:\/\/www.gonzalogarciasantos.com\/en\/"},{"@type":"ListItem","position":2,"name":"V\u00eddeos"}]}]}},"_links":{"self":[{"href":"https:\/\/www.gonzalogarciasantos.com\/en\/wp-json\/wp\/v2\/pages\/2105"}],"collection":[{"href":"https:\/\/www.gonzalogarciasantos.com\/en\/wp-json\/wp\/v2\/pages"}],"about":[{"href":"https:\/\/www.gonzalogarciasantos.com\/en\/wp-json\/wp\/v2\/types\/page"}],"author":[{"embeddable":true,"href":"https:\/\/www.gonzalogarciasantos.com\/en\/wp-json\/wp\/v2\/users\/1"}],"replies":[{"embeddable":true,"href":"https:\/\/www.gonzalogarciasantos.com\/en\/wp-json\/wp\/v2\/comments?post=2105"}],"version-history":[{"count":0,"href":"https:\/\/www.gonzalogarciasantos.com\/en\/wp-json\/wp\/v2\/pages\/2105\/revisions"}],"wp:attachment":[{"href":"https:\/\/www.gonzalogarciasantos.com\/en\/wp-json\/wp\/v2\/media?parent=2105"}],"curies":[{"name":"wp","href":"https:\/\/api.w.org\/{rel}","templated":true}]}}